{"id":695,"date":"2024-02-12T15:56:30","date_gmt":"2024-02-12T14:56:30","guid":{"rendered":"https:\/\/colorfulbybuch.dk\/?post_type=product&#038;p=695"},"modified":"2024-02-12T15:56:30","modified_gmt":"2024-02-12T14:56:30","slug":"chunky-mohair-loop-nr-356","status":"publish","type":"product","link":"https:\/\/colorfulbybuch.dk\/?product=chunky-mohair-loop-nr-356","title":{"rendered":"Chunky Mohair Loop nr. 356"},"content":{"rendered":"<p><img loading=\"lazy\" decoding=\"async\" class=\"alignnone size-full wp-image-687\" src=\"https:\/\/colorfulbybuch.dk\/wp-content\/uploads\/2024\/02\/Loop356.jpeg\" alt=\"\" width=\"206\" height=\"206\" srcset=\"https:\/\/colorfulbybuch.dk\/wp-content\/uploads\/2024\/02\/Loop356.jpeg 206w, https:\/\/colorfulbybuch.dk\/wp-content\/uploads\/2024\/02\/Loop356-150x150.jpeg 150w, https:\/\/colorfulbybuch.dk\/wp-content\/uploads\/2024\/02\/Loop356-100x100.jpeg 100w\" sizes=\"auto, (max-width: 206px) 100vw, 206px\" \/><\/p>\n","protected":false},"excerpt":{"rendered":"<p>88% Kid Mohair, 8.4% Wool, 3.6% Nylon.<\/p>\n<p>L\u00f8bel\u00e6ngde: 100 g = 100 m.<\/p>\n<p>Garnet kan h\u00e5ndvaskes forsigtigt ved max 30 grader.<\/p>\n<p>Chunky Mohair Loop er et bl\u00f8dt og l\u00e6kkert garn best\u00e5ende af en masse loops. Garnet har mange anvendelser og vil v\u00e6re super flot til effekter p\u00e5 striktr\u00f8jer.<\/p>\n","protected":false},"featured_media":687,"comment_status":"open","ping_status":"closed","template":"","meta":[],"product_brand":[],"product_cat":[42],"product_tag":[],"class_list":{"0":"post-695","1":"product","2":"type-product","3":"status-publish","4":"has-post-thumbnail","6":"product_cat-chunkymohairloop","8":"first","9":"instock","10":"taxable","11":"shipping-taxable","12":"purchasable","13":"product-type-simple"},"_links":{"self":[{"href":"https:\/\/colorfulbybuch.dk\/index.php?rest_route=\/wp\/v2\/product\/695","targetHints":{"allow":["GET"]}}],"collection":[{"href":"https:\/\/colorfulbybuch.dk\/index.php?rest_route=\/wp\/v2\/product"}],"about":[{"href":"https:\/\/colorfulbybuch.dk\/index.php?rest_route=\/wp\/v2\/types\/product"}],"replies":[{"embeddable":true,"href":"https:\/\/colorfulbybuch.dk\/index.php?rest_route=%2Fwp%2Fv2%2Fcomments&post=695"}],"wp:featuredmedia":[{"embeddable":true,"href":"https:\/\/colorfulbybuch.dk\/index.php?rest_route=\/wp\/v2\/media\/687"}],"wp:attachment":[{"href":"https:\/\/colorfulbybuch.dk\/index.php?rest_route=%2Fwp%2Fv2%2Fmedia&parent=695"}],"wp:term":[{"taxonomy":"product_brand","embeddable":true,"href":"https:\/\/colorfulbybuch.dk\/index.php?rest_route=%2Fwp%2Fv2%2Fproduct_brand&post=695"},{"taxonomy":"product_cat","embeddable":true,"href":"https:\/\/colorfulbybuch.dk\/index.php?rest_route=%2Fwp%2Fv2%2Fproduct_cat&post=695"},{"taxonomy":"product_tag","embeddable":true,"href":"https:\/\/colorfulbybuch.dk\/index.php?rest_route=%2Fwp%2Fv2%2Fproduct_tag&post=695"}],"curies":[{"name":"wp","href":"https:\/\/api.w.org\/{rel}","templated":true}]}}