{"id":712,"date":"2024-02-21T17:26:27","date_gmt":"2024-02-21T16:26:27","guid":{"rendered":"https:\/\/colorfulbybuch.dk\/?post_type=product&#038;p=712"},"modified":"2024-02-21T17:26:27","modified_gmt":"2024-02-21T16:26:27","slug":"soft-silky-cash-nr-366","status":"publish","type":"product","link":"https:\/\/colorfulbybuch.dk\/?product=soft-silky-cash-nr-366","title":{"rendered":"Soft Silky Cash nr. 366"},"content":{"rendered":"<p><img loading=\"lazy\" decoding=\"async\" class=\"alignnone size-full wp-image-711\" src=\"https:\/\/colorfulbybuch.dk\/wp-content\/uploads\/2024\/02\/Softsilky366.jpeg\" alt=\"\" width=\"206\" height=\"206\" srcset=\"https:\/\/colorfulbybuch.dk\/wp-content\/uploads\/2024\/02\/Softsilky366.jpeg 206w, https:\/\/colorfulbybuch.dk\/wp-content\/uploads\/2024\/02\/Softsilky366-150x150.jpeg 150w, https:\/\/colorfulbybuch.dk\/wp-content\/uploads\/2024\/02\/Softsilky366-100x100.jpeg 100w\" sizes=\"auto, (max-width: 206px) 100vw, 206px\" \/><\/p>\n","protected":false},"excerpt":{"rendered":"<p>50% Merino, 20% Silke, 10% Cashmere.<\/p>\n<p>L\u00f8bel\u00e6ngde: 100 g = 400 m.<br \/>\nPinde: 3-3,5<\/p>\n<p>Garnet kan h\u00e5ndvaskes forsigtigt ved max 30 grader.<\/p>\n<p>Soft Silky Cash er et luksuri\u00f8st garn og super l\u00e6kkert garn, der indeholder b\u00e5de silke og cashmere. Garnet er perfekt til sommerbluser og kan strikkes alene eller med en f\u00f8lgetr\u00e5d.<\/p>\n","protected":false},"featured_media":711,"comment_status":"open","ping_status":"closed","template":"","meta":[],"product_brand":[],"product_cat":[43],"product_tag":[],"class_list":{"0":"post-712","1":"product","2":"type-product","3":"status-publish","4":"has-post-thumbnail","6":"product_cat-softsilkycash","8":"first","9":"instock","10":"taxable","11":"shipping-taxable","12":"purchasable","13":"product-type-simple"},"_links":{"self":[{"href":"https:\/\/colorfulbybuch.dk\/index.php?rest_route=\/wp\/v2\/product\/712","targetHints":{"allow":["GET"]}}],"collection":[{"href":"https:\/\/colorfulbybuch.dk\/index.php?rest_route=\/wp\/v2\/product"}],"about":[{"href":"https:\/\/colorfulbybuch.dk\/index.php?rest_route=\/wp\/v2\/types\/product"}],"replies":[{"embeddable":true,"href":"https:\/\/colorfulbybuch.dk\/index.php?rest_route=%2Fwp%2Fv2%2Fcomments&post=712"}],"wp:featuredmedia":[{"embeddable":true,"href":"https:\/\/colorfulbybuch.dk\/index.php?rest_route=\/wp\/v2\/media\/711"}],"wp:attachment":[{"href":"https:\/\/colorfulbybuch.dk\/index.php?rest_route=%2Fwp%2Fv2%2Fmedia&parent=712"}],"wp:term":[{"taxonomy":"product_brand","embeddable":true,"href":"https:\/\/colorfulbybuch.dk\/index.php?rest_route=%2Fwp%2Fv2%2Fproduct_brand&post=712"},{"taxonomy":"product_cat","embeddable":true,"href":"https:\/\/colorfulbybuch.dk\/index.php?rest_route=%2Fwp%2Fv2%2Fproduct_cat&post=712"},{"taxonomy":"product_tag","embeddable":true,"href":"https:\/\/colorfulbybuch.dk\/index.php?rest_route=%2Fwp%2Fv2%2Fproduct_tag&post=712"}],"curies":[{"name":"wp","href":"https:\/\/api.w.org\/{rel}","templated":true}]}}